{"id":179,"date":"2024-01-29T13:08:24","date_gmt":"2024-01-29T13:08:24","guid":{"rendered":"https:\/\/privascore.org\/?page_id=179"},"modified":"2024-01-31T10:54:16","modified_gmt":"2024-01-31T10:54:16","slug":"impressum","status":"publish","type":"page","link":"https:\/\/privascore.org\/en\/impressum\/","title":{"rendered":"Imprint"},"content":{"rendered":"<div class=\"wp-block-group has-global-padding is-layout-constrained wp-container-core-group-is-layout-d89aad35 wp-block-group-is-layout-constrained\" style=\"margin-top:0;margin-bottom:0;padding-top:var(--wp--preset--spacing--50);padding-right:var(--wp--preset--spacing--50);padding-bottom:var(--wp--preset--spacing--50);padding-left:var(--wp--preset--spacing--50)\">\n<div class=\"wp-block-group alignwide has-global-padding is-layout-constrained wp-container-core-group-is-layout-19e250f3 wp-block-group-is-layout-constrained\">\n<div class=\"wp-block-group is-vertical is-content-justification-left is-layout-flex wp-container-core-group-is-layout-d275a608 wp-block-group-is-layout-flex\">\n<p>Information according to \u00a7 5 TMG<br>Dr. Felix S\u00fchlmann-Faul<br>Gr\u00fcnewaldstrasse 2a<br>38104 Brunswick<br>Phone: +491517010987O  <br>webmaster[at]privascore.org<\/p>\n\n\n\n<p>Sales tax identification number according to \u00a7 27 a sales tax law:<br>DE308506948<br>Responsible for editorial content<br>Dr. Felix S\u00fchlmann-Faul<br>Gr\u00fcnewaldstrasse 2a<br>38104 Brunswick<br>Consumer dispute resolution\/universal arbitration board<br>We are not willing or obliged to participate in dispute resolution proceedings before a<br>Consumer arbitration board.<\/p>\n<\/div>\n<\/div>\n\n\n\n<hr class=\"wp-block-separator has-alpha-channel-opacity\"\/>\n<\/div>","protected":false},"excerpt":{"rendered":"<p>Information in accordance with Section 5 of the Telemedia Act Dr. Felix S\u00fchlmann-Faul Gr\u00fcnewaldstra\u00dfe 2a 38104 Braunschweig Telephone: +49 1517010987 O webmaster[at]privascore.org VAT identification number in accordance with Section 27 a of the Sales Tax Law: DE308506948 Editorially responsible Dr. Felix S\u00fchlmann-Faul Gr\u00fcnewaldstra\u00dfe 2a 38104 Braunschweig Consumer dispute resolution\/universal arbitration board We are not willing or obliged to participate in dispute resolution proceedings before a consumer arbitration board.<\/p>","protected":false},"author":1,"featured_media":0,"parent":0,"menu_order":0,"comment_status":"closed","ping_status":"closed","template":"","meta":{"_seopress_robots_primary_cat":"","_seopress_titles_title":"Impressum","_seopress_titles_desc":"","_seopress_robots_index":"","footnotes":""},"class_list":["post-179","page","type-page","status-publish","hentry"],"_links":{"self":[{"href":"https:\/\/privascore.org\/en\/wp-json\/wp\/v2\/pages\/179","targetHints":{"allow":["GET"]}}],"collection":[{"href":"https:\/\/privascore.org\/en\/wp-json\/wp\/v2\/pages"}],"about":[{"href":"https:\/\/privascore.org\/en\/wp-json\/wp\/v2\/types\/page"}],"author":[{"embeddable":true,"href":"https:\/\/privascore.org\/en\/wp-json\/wp\/v2\/users\/1"}],"replies":[{"embeddable":true,"href":"https:\/\/privascore.org\/en\/wp-json\/wp\/v2\/comments?post=179"}],"version-history":[{"count":0,"href":"https:\/\/privascore.org\/en\/wp-json\/wp\/v2\/pages\/179\/revisions"}],"wp:attachment":[{"href":"https:\/\/privascore.org\/en\/wp-json\/wp\/v2\/media?parent=179"}],"curies":[{"name":"wp","href":"https:\/\/api.w.org\/{rel}","templated":true}]}}